{"id":839,"date":"2021-04-08T10:45:34","date_gmt":"2021-04-08T08:45:34","guid":{"rendered":"https:\/\/www.moviin.io\/privacy-policy\/"},"modified":"2022-11-21T10:01:19","modified_gmt":"2022-11-21T09:01:19","slug":"privacybeleid","status":"publish","type":"page","link":"https:\/\/www.moviin.io\/nl\/privacybeleid\/","title":{"rendered":"Privacybeleid"},"content":{"rendered":"<h2>Notre politique de confidentialit\u00e9<\/h2>\n<ol class=\"pc-lvl-0\" type=\"I\">\n<li>Les garanties de Moviin Nous traitons vos donn\u00e9es de mani\u00e8re confidentielle et conform\u00e9ment aux dispositions nationales et internationales, dont entre autres la loi Belge du 8 d\u00e9cembre 1992, relative \u00e0 la protection de la vie priv\u00e9e \u00e0 l&#8217;\u00e9gard des traitements de donn\u00e9es \u00e0 caract\u00e8re personnel, modifi\u00e9e par la loi du 11 d\u00e9cembre 1998, ainsi que le nouveau <b>r\u00e8glement g\u00e9n\u00e9ral europ\u00e9en sur la protection des donn\u00e9es (RGPD).<\/b><\/li>\n<li>Les informations que nous collectons Les donn\u00e9es personnelles, ou les informations personnelles, signifient toute information \u00e0 propos d\u2019un individu pouvant servir \u00e0 l\u2019identifier. Cela n\u2019inclut pas les informations o\u00f9 l\u2019identit\u00e9 est cach\u00e9e (donn\u00e9es anonymes). Nous recueillons une vari\u00e9t\u00e9 d\u2019informations concernant nos clients et les visiteurs du site Internet. Ces donn\u00e9es personnelles se divisent en diff\u00e9rentes cat\u00e9gories :\n<ul>\n<li>Les Donn\u00e9es d\u2019Identit\u00e9 comprennent le titre, le pr\u00e9nom, le nom, le nom d\u2019utilisateur ou identifiant similaire, ainsi qu\u2019une version crypt\u00e9e de votre identifiant\/mot de passe. Si vous interagissez avec nous via les r\u00e9seaux sociaux, votre nom d\u2019utilisateur sur ceux-ci peut en faire partie.<\/li>\n<li>Les Donn\u00e9es de Contact comprennent l\u2019adresse de facturation, l\u2019adresse de livraison, l\u2019adresse e-mail et les num\u00e9ros de t\u00e9l\u00e9phone.<\/li>\n<li>Les Donn\u00e9es Techniques comprennent votre adresse IP, vos donn\u00e9es de connexion, le type et la version de votre navigateur, votre fuseau horaire et votre localisation, les types et versions de plug-in de votre navigateur, votre syst\u00e8me et votre plateforme d\u2019exploitation, et d\u2019autres technologies sur les appareils que vous utilisez pour acc\u00e9der \u00e0 ce site Internet.<\/li>\n<li>Les Donn\u00e9es d\u2019Utilisation comprennent les informations concernant la mani\u00e8re dont vous utilisez notre site Internet, nos produits et nos services.<\/li>\n<li>Les Donn\u00e9es de Suivi comprennent les informations que nous ou toute autre personne recueillons sur vous \u00e0 partir de cookies et de technologies de suivi similaires, telles que des balises Web, des balises pixel ou des identificateurs mobiles.<\/li>\n<li>Les Donn\u00e9es de Marketing et de Communication comprennent vos pr\u00e9f\u00e9rences concernant la r\u00e9ception ou non des publicit\u00e9s de notre part ou de tiers, et vos pr\u00e9f\u00e9rences en mati\u00e8re de communication.<\/li>\n<\/ul>\n<p>Nous recueillons, utilisons et partageons \u00e9galement des Donn\u00e9es Agr\u00e9g\u00e9es telles que des donn\u00e9es statistiques ou d\u00e9mographiques quel qu&#8217;en soit l&#8217;usage. Les Donn\u00e9es Agr\u00e9g\u00e9es peuvent provenir de vos informations personnelles, mais ne sont pas consid\u00e9r\u00e9es comme telles par la loi, car ces donn\u00e9es ne r\u00e9v\u00e8lent pas directement votre identit\u00e9. Par exemple, nous pouvons agr\u00e9ger vos Donn\u00e9es d\u2019Utilisation afin de calculer le pourcentage d\u2019utilisateurs qui acc\u00e8dent \u00e0 une fonctionnalit\u00e9 sp\u00e9cifique du site Internet. Aux fins de fournir de meilleurs contenus et services, le site Internet utilise le service d\u2019analyse de site Internet Google Analytics. Google Analytics enregistre les actions de la souris et les mouvements de d\u00e9filement, ainsi que les interactions basiques avec les formulaires du site Internet. Google Analytics ne suit pas vos habitudes de navigation sur des sites Internet tiers. Les informations vous concernant auxquelles Google Analytics a acc\u00e8s ne contiennent aucune donn\u00e9e personnelle vous concernant. Veuillez consulter leur politique de confidentialit\u00e9. Cependant, si nous combinons des Donn\u00e9es Agr\u00e9g\u00e9es avec vos donn\u00e9es personnelles, de telle fa\u00e7on qu\u2019elles puissent vous identifier directement ou indirectement, nous traiterons ces donn\u00e9es combin\u00e9es en tant que donn\u00e9es personnelles qui seront utilis\u00e9es conform\u00e9ment \u00e0 la pr\u00e9sente politique de confidentialit\u00e9. Nous ne collectons pas les Cat\u00e9gories Particuli\u00e8res de Donn\u00e9es \u00e0 caract\u00e8re Personnel (cela comprend des d\u00e9tails sur votre race ou ethnie, vos croyances religieuses ou philosophiques, votre vie sexuelle, votre orientation sexuelle, vos opinions politiques, votre appartenance syndicale, des informations relatives \u00e0 votre sant\u00e9, des donn\u00e9es g\u00e9n\u00e9tiques ou biom\u00e9triques). Nous ne collectons pas non plus d\u2019informations relatives \u00e0 des infractions ou condamnations p\u00e9nales.<\/li>\n<li>Le stockage et la conservation de vos donn\u00e9es personnelles Les informations sont stock\u00e9es et g\u00e9r\u00e9es sur un serveur local et\/ou h\u00e9berg\u00e9es (strictement en Europe) via un sous-traitant qui a fait l\u2019objet d\u2019un suivi quant au respect la l\u00e9gislation europ\u00e9enne, soit :\n<ul>\n<li>OVH (France)<\/li>\n<li>GSInformatique (Suisse)<\/li>\n<li>SendInBlue (France)<\/li>\n<\/ul>\n<p>La gestion des informations est effectu\u00e9e dans le respect de la l\u00e9gislation europ\u00e9enne en la mati\u00e8re, soit le R\u00e8glement europ\u00e9en 2016\/679 relatif \u00e0 la protection des donn\u00e9es entr\u00e9 en vigueur le 25\/05\/2018, et dans des conditions strictes de s\u00e9curit\u00e9 informatique (antivirus performant et mis \u00e0 jour, firewall, cryptage, acc\u00e8s s\u00e9curis\u00e9s, techniques de programmation sp\u00e9cifiques pour optimiser la s\u00e9curit\u00e9\u2026). L\u2019acc\u00e8s aux donn\u00e9es n\u2019est autoris\u00e9 qu\u2019au personnel de l\u2019entreprise selon sa fonction et ses responsabilit\u00e9s et moyennant l\u2019usage d\u2019un identifiant et mot de passe s\u00e9curis\u00e9.<\/li>\n<li>But du traitement de vos donn\u00e9es personnelles En nous fournissant vos donn\u00e9es \u00e0 caract\u00e8re personnel, vous nous donnez l&#8217;autorisation expresse de traiter cette information pour les buts indiqu\u00e9s ci-apr\u00e8s. Vos donn\u00e9es sont reprises dans les fichiers de Moviin et nous les traitons en vue de la gestion de nos membres et des publications, des services offerts pour am\u00e9liorer la qualit\u00e9 de nos prestations (s\u00e9lections, suggestions, &#8230;), pour vous informer des nouveaux services et produits \u00e9manant de Moviin et, de mani\u00e8re tr\u00e8s occasionnelle, de nos partenaires s\u00e9lectionn\u00e9s par nos soins. A tout moment et sans la moindre justification, vous pouvez vous opposer au traitement de vos donn\u00e9es personnelles.<\/li>\n<li>Cookies Nous utiliserons occasionnellement des cookies afin de vous fournir un meilleur service. Un cookie est un petit fichier sauvegard\u00e9 par un site Web sur votre ordinateur: ce cookie peut \u00eatre r\u00e9cup\u00e9r\u00e9 lors d&#8217;une visite ult\u00e9rieure sur ce m\u00eame site. Le cookie ne peut \u00eatre lu par un autre site Web que celui qui l&#8217;a cr\u00e9\u00e9. Nous utilisons les cookies \u00e0 des fins administratives pour, par exemple, enregistrer vos pr\u00e9f\u00e9rences pour certains types d&#8217;informations ou votre code d&#8217;acc\u00e8s, ce qui vous \u00e9vitera de devoir r\u00e9p\u00e9ter les m\u00eames saisies au clavier lors de chaque visite de notre site. La plupart des cookies ne fonctionnent que le temps d&#8217;une seule session ou visite. Aucun d&#8217;entre eux ne contient d&#8217;informations vous rendant susceptible de pouvoir \u00eatre contact\u00e9 par t\u00e9l\u00e9phone, e-mail ou courrier. Il vous est \u00e9galement possible de configurer votre navigateur pour vous informer lors de chaque cr\u00e9ation de cookies ou pour emp\u00eacher leur cr\u00e9ation (certains services requ\u00e9rant les cookies ne seront alors plus disponibles). Ci-dessous se trouve la marche \u00e0 suivre, par navigateur :\n<ul class=\"mb-4\">\n<li><a class=\"text-normal\" href=\"https:\/\/support.microsoft.com\/fr-be\/help\/4027947\/microsoft-edge-delete-cookies\" target=\"_blank\" rel=\"noreferrer noopener\">Microsoft Edge<\/a><\/li>\n<li><a class=\"text-normal\" href=\"https:\/\/support.google.com\/chrome\/answer\/95647?hl=fr\" target=\"_blank\" rel=\"noreferrer noopener\">Google Chrome<\/a><\/li>\n<li><a class=\"text-normal\" href=\"https:\/\/support.mozilla.org\/fr\/kb\/protection-renforcee-contre-pistage-firefox-ordinateur\" target=\"_blank\" rel=\"noreferrer noopener\">Mozilla Firefox<\/a><\/li>\n<li><a class=\"text-normal\" href=\"https:\/\/support.apple.com\/fr-fr\/HT201265\" target=\"_blank\" rel=\"noreferrer noopener\">Apple Safari<\/a><\/li>\n<\/ul>\n<p>Si vous ne souhaitez pas recevoir de publicit\u00e9 sur la base de vos habitudes de navigation et des cookies de remarketing, comme ceux de Google, vous pouvez modifier les param\u00e8tres du <a class=\"text-normal\" href=\"https:\/\/www.google.com\/settings\/ads\/onweb\/\" target=\"_blank\" rel=\"noreferrer noopener\">Google Ads Preferences Manager<\/a>.<\/li>\n<li>Publication et divulgation de vos donn\u00e9es personnelles Moviin pourrait \u00eatre amen\u00e9 \u00e0 divulguer vos donn\u00e9es personnelles sur requ\u00eate d&#8217;une autorit\u00e9 l\u00e9gale ou en toute bonne foi en consid\u00e9rant que cette action est requise pour se conformer \u00e0 toute loi ou r\u00e9glementation en vigueur. Tel serait \u00e9galement le cas en cas de proc\u00e8s intent\u00e9 \u00e0 Moviin et\/ou au site web pour prot\u00e9ger ou d\u00e9fendre les droits ou les biens de Moviin, du site ou des utilisateurs de Moviin. Moviin pourrait \u00eatre amen\u00e9 \u00e0 divulguer ces donn\u00e9es pour intervenir, dans des circonstances extr\u00eames, dans le but de prot\u00e9ger la s\u00e9curit\u00e9 personnelle des utilisateurs de Moviin et \/ ou du site web ou du public.<\/li>\n<li>Vos droits en rapport avec vos donn\u00e9es personnelles\n<ol>\n<li>Votre droit d\u2019information Le responsable pour le traitement de vos donn\u00e9es \u00e0 caract\u00e8re personnel est M. Bombled Quentin, dont l&#8217;adresse est sis Rue Mestriaux, 60 &#8211; 6511 Str\u00e9e (Belgique). Toutes vos questions concernant l&#8217;enregistrement et le traitement de vos donn\u00e9es peuvent \u00eatre adress\u00e9es \u00e0 cette adresse. Pour toute information plus g\u00e9n\u00e9rale, vous pouvez toujours vous adresser \u00e0 la Commission de la protection de la Vie Priv\u00e9e, aupr\u00e8s du Minist\u00e8re de la Justice et dont le site web se trouve \u00e0 l\u2019adresse suivante : <a class=\"text-normal\" href=\"https:\/\/www.privacycommission.be\/fr\/\" target=\"_blank\" rel=\"noreferrer noopener\">www.privacycommission.be<\/a>.<\/li>\n<li>Votre droit d\u2019acc\u00e8s, de rectification et de suppression Moyennant une demande :\n<ul>\n<li>soit \u00e9crite dat\u00e9e et sign\u00e9e envoy\u00e9e par voie postale \u00e0 Moviin;<\/li>\n<li>soit \u00e9lectronique envoy\u00e9e par email \u00e0 l&#8217;adresse <a class=\"text-normal\" href=\"mailto:privacy@moviin.io\">privacy@moviin.io<\/a>.<\/li>\n<\/ul>\n<p>Vous pouvez, apr\u00e8s avoir justifi\u00e9 votre identit\u00e9, (copie de la carte d&#8217;identit\u00e9) obtenir, gratuitement la communication \u00e9crite des donn\u00e9es \u00e0 caract\u00e8re personnel vous concernant ainsi que, le cas \u00e9ch\u00e9ant, la rectification de celles qui seraient inexactes, incompl\u00e8tes ou non pertinentes. Une copie de vos donn\u00e9es vous sera communiqu\u00e9e au plus tard 45 jours apr\u00e8s la r\u00e9ception de votre demande.<\/li>\n<\/ol>\n<\/li>\n<li>Atteinte \u00e0 votre vie priv\u00e9e Si, \u00e0 n&#8217;importe quel moment, vous pensez que notre site ne respecte pas votre vie priv\u00e9e, veuillez nous en informer par courrier \u00e9lectronique \u00e0 l&#8217;adresse suivante : <a class=\"text-normal\" href=\"mailto:privacy@moviin.io\">privacy@moviin.io<\/a>. Nous mettrons tout en oeuvre pour d\u00e9celer et corriger le probl\u00e8me.<\/li>\n<\/ol>\n","protected":false},"excerpt":{"rendered":"<p>Notre politique de confidentialit\u00e9 Les garanties de Moviin Nous traitons vos donn\u00e9es de mani\u00e8re confidentielle et conform\u00e9ment aux dispositions nationales et internationales, dont entre autres la loi Belge du 8 d\u00e9cembre 1992, relative \u00e0 la protection de la vie priv\u00e9e \u00e0 l&#8217;\u00e9gard des traitements de donn\u00e9es \u00e0 caract\u00e8re personnel, modifi\u00e9e par la loi du 11 [&hellip;]<\/p>\n","protected":false},"author":1,"featured_media":0,"parent":0,"menu_order":0,"comment_status":"closed","ping_status":"open","template":"","meta":[],"_links":{"self":[{"href":"https:\/\/www.moviin.io\/nl\/wp-json\/wp\/v2\/pages\/839"}],"collection":[{"href":"https:\/\/www.moviin.io\/nl\/wp-json\/wp\/v2\/pages"}],"about":[{"href":"https:\/\/www.moviin.io\/nl\/wp-json\/wp\/v2\/types\/page"}],"author":[{"embeddable":true,"href":"https:\/\/www.moviin.io\/nl\/wp-json\/wp\/v2\/users\/1"}],"replies":[{"embeddable":true,"href":"https:\/\/www.moviin.io\/nl\/wp-json\/wp\/v2\/comments?post=839"}],"version-history":[{"count":1,"href":"https:\/\/www.moviin.io\/nl\/wp-json\/wp\/v2\/pages\/839\/revisions"}],"predecessor-version":[{"id":875,"href":"https:\/\/www.moviin.io\/nl\/wp-json\/wp\/v2\/pages\/839\/revisions\/875"}],"wp:attachment":[{"href":"https:\/\/www.moviin.io\/nl\/wp-json\/wp\/v2\/media?parent=839"}],"curies":[{"name":"wp","href":"https:\/\/api.w.org\/{rel}","templated":true}]}}